{"id":3,"date":"2022-05-12T11:35:13","date_gmt":"2022-05-12T09:35:13","guid":{"rendered":"http:\/\/wazawok-ixelles.be\/?page_id=3"},"modified":"2022-12-24T13:33:01","modified_gmt":"2022-12-24T12:33:01","slug":"politique-de-confidentialite","status":"publish","type":"page","link":"https:\/\/wazawok-ixelles.be\/?page_id=3","title":{"rendered":"Politique de confidentialit\u00e9"},"content":{"rendered":"\t\t<div data-elementor-type=\"wp-page\" data-elementor-id=\"3\" class=\"elementor elementor-3\">\n\t\t\t\t\t\t<div class=\"elementor-inner\">\n\t\t\t\t<div class=\"elementor-section-wrap\">\n\t\t\t\t\t\t\t\t\t<section class=\"elementor-section elementor-top-section elementor-element elementor-element-277c317c elementor-section-boxed elementor-section-height-default elementor-section-height-default\" data-id=\"277c317c\" data-element_type=\"section\">\n\t\t\t\t\t\t<div class=\"elementor-container elementor-column-gap-default\">\n\t\t\t\t\t\t\t<div class=\"elementor-row\">\n\t\t\t\t\t<div class=\"elementor-column elementor-col-100 elementor-top-column elementor-element elementor-element-204b071\" data-id=\"204b071\" data-element_type=\"column\">\n\t\t\t<div class=\"elementor-column-wrap elementor-element-populated\">\n\t\t\t\t\t\t\t<div class=\"elementor-widget-wrap\">\n\t\t\t\t\t\t<div class=\"elementor-element elementor-element-595bce86 elementor-widget elementor-widget-text-editor\" data-id=\"595bce86\" data-element_type=\"widget\" data-widget_type=\"text-editor.default\">\n\t\t\t\t<div class=\"elementor-widget-container\">\n\t\t\t\t\t\t\t\t<div class=\"elementor-text-editor elementor-clearfix\">\n\t\t\t\t<div class=\"jupiter-tooltip-widget elementor-element elementor-element-9936a9b elementor-mobile-align-left elementor-align-left elementor-widget elementor-widget-raven-heading\" data-jupiter-tooltip-settings=\"{&quot;tooltip&quot;:&quot;false&quot;,&quot;tooltipDescription&quot;:&quot;This is Tooltip!&quot;,&quot;tooltipPlacement&quot;:&quot;top&quot;,&quot;tooltipArrow&quot;:true,&quot;xOffset&quot;:0,&quot;yOffset&quot;:0,&quot;tooltipAnimation&quot;:&quot;fade&quot;,&quot;tooltipTrigger&quot;:&quot;mouseenter&quot;,&quot;zIndex&quot;:999,&quot;customSelector&quot;:&quot;&quot;,&quot;delay&quot;:0}\" data-id=\"9936a9b\" data-element_type=\"widget\" data-widget_type=\"raven-heading.default\">\n<div class=\"elementor-widget-container\">\n<div class=\"raven-widget-wrapper\">\n<h5 class=\"raven-heading raven-heading-h3\"><span class=\"raven-heading-title\">1. COLLECTE DE L\u2019INFORMATION<\/span><\/h5>\n<\/div>\n<\/div>\n<\/div>\n<div class=\"jupiter-tooltip-widget elementor-element elementor-element-cb1c76c elementor-mobile-align-left elementor-align-left elementor-widget elementor-widget-raven-heading\" data-jupiter-tooltip-settings=\"{&quot;tooltip&quot;:&quot;false&quot;,&quot;tooltipDescription&quot;:&quot;This is Tooltip!&quot;,&quot;tooltipPlacement&quot;:&quot;top&quot;,&quot;tooltipArrow&quot;:true,&quot;xOffset&quot;:0,&quot;yOffset&quot;:0,&quot;tooltipAnimation&quot;:&quot;fade&quot;,&quot;tooltipTrigger&quot;:&quot;mouseenter&quot;,&quot;zIndex&quot;:999,&quot;customSelector&quot;:&quot;&quot;,&quot;delay&quot;:0}\" data-id=\"cb1c76c\" data-element_type=\"widget\" data-widget_type=\"raven-heading.default\">\n<div class=\"elementor-widget-container\">\n<div class=\"raven-widget-wrapper\">\n<div class=\"raven-heading raven-heading-div\"><span class=\"raven-heading-title\">Nous recueillons des informations lorsque vous vous inscrivez sur notre site, lorsque vous vous connectez \u00e0 votre compte, faites un achat, et \/ ou lorsque vous vous d\u00e9connectez. Les informations recueillies incluent votre nom, votre adresse e-mail et\/ou num\u00e9ro de t\u00e9l\u00e9phone. En outre, nous recevons et enregistrons automatiquement des informations \u00e0 partir de votre ordinateur et navigateur, y compris votre adresse IP, vos logiciels et votre mat\u00e9riel, et la page que vous demandez.<\/span><\/div>\n<\/div>\n<\/div>\n<\/div>\n<div class=\"jupiter-tooltip-widget elementor-element elementor-element-9ec1bea elementor-mobile-align-left elementor-align-left elementor-widget elementor-widget-raven-heading\" data-jupiter-tooltip-settings=\"{&quot;tooltip&quot;:&quot;false&quot;,&quot;tooltipDescription&quot;:&quot;This is Tooltip!&quot;,&quot;tooltipPlacement&quot;:&quot;top&quot;,&quot;tooltipArrow&quot;:true,&quot;xOffset&quot;:0,&quot;yOffset&quot;:0,&quot;tooltipAnimation&quot;:&quot;fade&quot;,&quot;tooltipTrigger&quot;:&quot;mouseenter&quot;,&quot;zIndex&quot;:999,&quot;customSelector&quot;:&quot;&quot;,&quot;delay&quot;:0}\" data-id=\"9ec1bea\" data-element_type=\"widget\" data-widget_type=\"raven-heading.default\">\n<div class=\"elementor-widget-container\">\n<div class=\"raven-widget-wrapper\">\n<h5 class=\"raven-heading raven-heading-h3\"><span class=\"raven-heading-title\">2. UTILISATION DES INFORMATIONS<\/span><\/h5>\n<\/div>\n<\/div>\n<\/div>\n<div class=\"jupiter-tooltip-widget elementor-element elementor-element-837f52a elementor-mobile-align-left elementor-align-left elementor-widget elementor-widget-raven-heading\" data-jupiter-tooltip-settings=\"{&quot;tooltip&quot;:&quot;false&quot;,&quot;tooltipDescription&quot;:&quot;This is Tooltip!&quot;,&quot;tooltipPlacement&quot;:&quot;top&quot;,&quot;tooltipArrow&quot;:true,&quot;xOffset&quot;:0,&quot;yOffset&quot;:0,&quot;tooltipAnimation&quot;:&quot;fade&quot;,&quot;tooltipTrigger&quot;:&quot;mouseenter&quot;,&quot;zIndex&quot;:999,&quot;customSelector&quot;:&quot;&quot;,&quot;delay&quot;:0}\" data-id=\"837f52a\" data-element_type=\"widget\" data-widget_type=\"raven-heading.default\">\n<div class=\"elementor-widget-container\">\n<div class=\"raven-widget-wrapper\">\n<div class=\"raven-heading raven-heading-div\"><span class=\"raven-heading-title\">Toutes les informations que nous recueillons aupr\u00e8s de vous peuvent \u00eatre utilis\u00e9es pour :<br \/>\u2013 Personnaliser votre exp\u00e9rience et r\u00e9pondre \u00e0 vos besoins individuels<br \/>\u2013 Am\u00e9liorer notre site<br \/>\u2013 Am\u00e9liorer le service client et vos besoins de prise en charge<br \/>\u2013 Vous contacter par e-mail<br \/>\u2013 Administrer un concours, une promotion, ou une enqu\u00eate<\/span><\/div>\n<\/div>\n<\/div>\n<\/div>\n<div class=\"jupiter-tooltip-widget elementor-element elementor-element-902ade2 elementor-mobile-align-left elementor-align-left elementor-widget elementor-widget-raven-heading\" data-jupiter-tooltip-settings=\"{&quot;tooltip&quot;:&quot;false&quot;,&quot;tooltipDescription&quot;:&quot;This is Tooltip!&quot;,&quot;tooltipPlacement&quot;:&quot;top&quot;,&quot;tooltipArrow&quot;:true,&quot;xOffset&quot;:0,&quot;yOffset&quot;:0,&quot;tooltipAnimation&quot;:&quot;fade&quot;,&quot;tooltipTrigger&quot;:&quot;mouseenter&quot;,&quot;zIndex&quot;:999,&quot;customSelector&quot;:&quot;&quot;,&quot;delay&quot;:0}\" data-id=\"902ade2\" data-element_type=\"widget\" data-widget_type=\"raven-heading.default\">\n<div class=\"elementor-widget-container\">\n<div class=\"raven-widget-wrapper\">\n<h5 class=\"raven-heading raven-heading-h3\"><span class=\"raven-heading-title\">3. CONFIDENTIALIT\u00c9<\/span><\/h5>\n<\/div>\n<\/div>\n<\/div>\n<div class=\"jupiter-tooltip-widget elementor-element elementor-element-c8b942a elementor-mobile-align-left elementor-align-left elementor-widget elementor-widget-raven-heading\" data-jupiter-tooltip-settings=\"{&quot;tooltip&quot;:&quot;false&quot;,&quot;tooltipDescription&quot;:&quot;This is Tooltip!&quot;,&quot;tooltipPlacement&quot;:&quot;top&quot;,&quot;tooltipArrow&quot;:true,&quot;xOffset&quot;:0,&quot;yOffset&quot;:0,&quot;tooltipAnimation&quot;:&quot;fade&quot;,&quot;tooltipTrigger&quot;:&quot;mouseenter&quot;,&quot;zIndex&quot;:999,&quot;customSelector&quot;:&quot;&quot;,&quot;delay&quot;:0}\" data-id=\"c8b942a\" data-element_type=\"widget\" data-widget_type=\"raven-heading.default\">\n<div class=\"elementor-widget-container\">\n<div class=\"raven-widget-wrapper\">\n<div class=\"raven-heading raven-heading-div\"><span class=\"raven-heading-title\">Nous sommes les seuls propri\u00e9taires des informations recueillies sur ce site. Vos informations personnelles ne seront pas vendues, \u00e9chang\u00e9es, transf\u00e9r\u00e9es, ou donn\u00e9es \u00e0 une autre soci\u00e9t\u00e9 pour n\u2019importe quelle raison, sans votre consentement, en dehors de ce qui est n\u00e9cessaire pour r\u00e9pondre \u00e0 une demande.<\/span><\/div>\n<\/div>\n<\/div>\n<\/div>\n<div class=\"jupiter-tooltip-widget elementor-element elementor-element-c29d8c9 elementor-mobile-align-left elementor-align-left elementor-widget elementor-widget-raven-heading\" data-jupiter-tooltip-settings=\"{&quot;tooltip&quot;:&quot;false&quot;,&quot;tooltipDescription&quot;:&quot;This is Tooltip!&quot;,&quot;tooltipPlacement&quot;:&quot;top&quot;,&quot;tooltipArrow&quot;:true,&quot;xOffset&quot;:0,&quot;yOffset&quot;:0,&quot;tooltipAnimation&quot;:&quot;fade&quot;,&quot;tooltipTrigger&quot;:&quot;mouseenter&quot;,&quot;zIndex&quot;:999,&quot;customSelector&quot;:&quot;&quot;,&quot;delay&quot;:0}\" data-id=\"c29d8c9\" data-element_type=\"widget\" data-widget_type=\"raven-heading.default\">\n<div class=\"elementor-widget-container\">\n<div class=\"raven-widget-wrapper\">\n<h5 class=\"raven-heading raven-heading-h3\"><span class=\"raven-heading-title\">4. DIVULGATION \u00c0 DES TIERS<\/span><\/h5>\n<\/div>\n<\/div>\n<\/div>\n<div class=\"jupiter-tooltip-widget elementor-element elementor-element-4ca7853 elementor-mobile-align-left elementor-align-left elementor-widget elementor-widget-raven-heading\" data-jupiter-tooltip-settings=\"{&quot;tooltip&quot;:&quot;false&quot;,&quot;tooltipDescription&quot;:&quot;This is Tooltip!&quot;,&quot;tooltipPlacement&quot;:&quot;top&quot;,&quot;tooltipArrow&quot;:true,&quot;xOffset&quot;:0,&quot;yOffset&quot;:0,&quot;tooltipAnimation&quot;:&quot;fade&quot;,&quot;tooltipTrigger&quot;:&quot;mouseenter&quot;,&quot;zIndex&quot;:999,&quot;customSelector&quot;:&quot;&quot;,&quot;delay&quot;:0}\" data-id=\"4ca7853\" data-element_type=\"widget\" data-widget_type=\"raven-heading.default\">\n<div class=\"elementor-widget-container\">\n<div class=\"raven-widget-wrapper\">\n<div class=\"raven-heading raven-heading-div\"><span class=\"raven-heading-title\">Nous ne vendons, n\u2019\u00e9changeons et ne transf\u00e9rons pas vos informations personnelles identifiables \u00e0 des tiers. Cela ne comprend pas les tierce parties de confiance qui nous aident \u00e0 exploiter notre site Web ou \u00e0 mener nos affaires, tant que ces parties conviennent de garder ces informations confidentielles. Nous pensons qu\u2019il est n\u00e9cessaire de partager des informations afin d\u2019enqu\u00eater, de pr\u00e9venir ou de prendre des mesures concernant des activit\u00e9s ill\u00e9gales, fraudes pr\u00e9sum\u00e9es, situations impliquant des menaces potentielles \u00e0 la s\u00e9curit\u00e9 physique de toute personne, violations de nos conditions d\u2019utilisation, ou quand la loi nous y contraint. Les informations non-priv\u00e9es, cependant, peuvent \u00eatre fournies \u00e0 d\u2019autres parties pour le marketing, la publicit\u00e9, ou d\u2019autres utilisations.<\/span><\/div>\n<\/div>\n<\/div>\n<\/div>\n<div class=\"jupiter-tooltip-widget elementor-element elementor-element-2786d61 elementor-mobile-align-left elementor-align-left elementor-widget elementor-widget-raven-heading\" data-jupiter-tooltip-settings=\"{&quot;tooltip&quot;:&quot;false&quot;,&quot;tooltipDescription&quot;:&quot;This is Tooltip!&quot;,&quot;tooltipPlacement&quot;:&quot;top&quot;,&quot;tooltipArrow&quot;:true,&quot;xOffset&quot;:0,&quot;yOffset&quot;:0,&quot;tooltipAnimation&quot;:&quot;fade&quot;,&quot;tooltipTrigger&quot;:&quot;mouseenter&quot;,&quot;zIndex&quot;:999,&quot;customSelector&quot;:&quot;&quot;,&quot;delay&quot;:0}\" data-id=\"2786d61\" data-element_type=\"widget\" data-widget_type=\"raven-heading.default\">\n<div class=\"elementor-widget-container\">\n<div class=\"raven-widget-wrapper\">\n<h5 class=\"raven-heading raven-heading-h3\"><span class=\"raven-heading-title\">5. PROTECTION DES INFORMATIONS<\/span><\/h5>\n<\/div>\n<\/div>\n<\/div>\n<div class=\"jupiter-tooltip-widget elementor-element elementor-element-310623c elementor-mobile-align-left elementor-align-left elementor-widget elementor-widget-raven-heading\" data-jupiter-tooltip-settings=\"{&quot;tooltip&quot;:&quot;false&quot;,&quot;tooltipDescription&quot;:&quot;This is Tooltip!&quot;,&quot;tooltipPlacement&quot;:&quot;top&quot;,&quot;tooltipArrow&quot;:true,&quot;xOffset&quot;:0,&quot;yOffset&quot;:0,&quot;tooltipAnimation&quot;:&quot;fade&quot;,&quot;tooltipTrigger&quot;:&quot;mouseenter&quot;,&quot;zIndex&quot;:999,&quot;customSelector&quot;:&quot;&quot;,&quot;delay&quot;:0}\" data-id=\"310623c\" data-element_type=\"widget\" data-widget_type=\"raven-heading.default\">\n<div class=\"elementor-widget-container\">\n<div class=\"raven-widget-wrapper\">\n<div class=\"raven-heading raven-heading-div\"><span class=\"raven-heading-title\">Nous mettons en \u0153uvre une vari\u00e9t\u00e9 de mesures de s\u00e9curit\u00e9 pour pr\u00e9server la s\u00e9curit\u00e9 de vos informations personnelles. Nous utilisons un cryptage \u00e0 la pointe de la technologie pour prot\u00e9ger les informations sensibles transmises en ligne. Nous prot\u00e9geons \u00e9galement vos informations hors ligne. Seuls les employ\u00e9s qui ont besoin d\u2019effectuer un travail sp\u00e9cifique (par exemple, la facturation ou le service \u00e0 la client\u00e8le) ont acc\u00e8s aux informations personnelles identifiables. Les ordinateurs et serveurs utilis\u00e9s pour stocker des informations personnelles identifiables sont conserv\u00e9s dans un environnement s\u00e9curis\u00e9.<\/span><\/div>\n<\/div>\n<\/div>\n<\/div>\n<div class=\"jupiter-tooltip-widget elementor-element elementor-element-f4caa1e elementor-mobile-align-left elementor-align-left elementor-widget elementor-widget-raven-heading\" data-jupiter-tooltip-settings=\"{&quot;tooltip&quot;:&quot;false&quot;,&quot;tooltipDescription&quot;:&quot;This is Tooltip!&quot;,&quot;tooltipPlacement&quot;:&quot;top&quot;,&quot;tooltipArrow&quot;:true,&quot;xOffset&quot;:0,&quot;yOffset&quot;:0,&quot;tooltipAnimation&quot;:&quot;fade&quot;,&quot;tooltipTrigger&quot;:&quot;mouseenter&quot;,&quot;zIndex&quot;:999,&quot;customSelector&quot;:&quot;&quot;,&quot;delay&quot;:0}\" data-id=\"f4caa1e\" data-element_type=\"widget\" data-widget_type=\"raven-heading.default\">\n<div class=\"elementor-widget-container\">\n<div class=\"raven-widget-wrapper\">\n<h5 class=\"raven-heading raven-heading-h3\"><span class=\"raven-heading-title\">EST-CE QUE NOUS UTILISONS DES COOKIES ?<\/span><\/h5>\n<\/div>\n<\/div>\n<\/div>\n<div class=\"jupiter-tooltip-widget elementor-element elementor-element-6af46eb elementor-mobile-align-left elementor-align-left elementor-widget elementor-widget-raven-heading\" data-jupiter-tooltip-settings=\"{&quot;tooltip&quot;:&quot;false&quot;,&quot;tooltipDescription&quot;:&quot;This is Tooltip!&quot;,&quot;tooltipPlacement&quot;:&quot;top&quot;,&quot;tooltipArrow&quot;:true,&quot;xOffset&quot;:0,&quot;yOffset&quot;:0,&quot;tooltipAnimation&quot;:&quot;fade&quot;,&quot;tooltipTrigger&quot;:&quot;mouseenter&quot;,&quot;zIndex&quot;:999,&quot;customSelector&quot;:&quot;&quot;,&quot;delay&quot;:0}\" data-id=\"6af46eb\" data-element_type=\"widget\" data-widget_type=\"raven-heading.default\">\n<div class=\"elementor-widget-container\">\n<div class=\"raven-widget-wrapper\">\n<div class=\"raven-heading raven-heading-div\"><span class=\"raven-heading-title\">Nos cookies am\u00e9liorent l\u2019acc\u00e8s \u00e0 notre site et identifient les visiteurs r\u00e9guliers. En outre, nos cookies am\u00e9liorent l\u2019exp\u00e9rience d\u2019utilisateur gr\u00e2ce au suivi et au ciblage de ses int\u00e9r\u00eats. Cependant, cette utilisation des cookies n\u2019est en aucune fa\u00e7on li\u00e9e \u00e0 des informations personnelles identifiables sur notre site.<\/span><\/div>\n<\/div>\n<\/div>\n<\/div>\n<div class=\"jupiter-tooltip-widget elementor-element elementor-element-7076c07 elementor-mobile-align-left elementor-align-left elementor-widget elementor-widget-raven-heading\" data-jupiter-tooltip-settings=\"{&quot;tooltip&quot;:&quot;false&quot;,&quot;tooltipDescription&quot;:&quot;This is Tooltip!&quot;,&quot;tooltipPlacement&quot;:&quot;top&quot;,&quot;tooltipArrow&quot;:true,&quot;xOffset&quot;:0,&quot;yOffset&quot;:0,&quot;tooltipAnimation&quot;:&quot;fade&quot;,&quot;tooltipTrigger&quot;:&quot;mouseenter&quot;,&quot;zIndex&quot;:999,&quot;customSelector&quot;:&quot;&quot;,&quot;delay&quot;:0}\" data-id=\"7076c07\" data-element_type=\"widget\" data-widget_type=\"raven-heading.default\">\n<div class=\"elementor-widget-container\">\n<div class=\"raven-widget-wrapper\">\n<h5 class=\"raven-heading raven-heading-h3\"><span class=\"raven-heading-title\">6. SE D\u00c9SABONNER<\/span><\/h5>\n<\/div>\n<\/div>\n<\/div>\n<div class=\"jupiter-tooltip-widget elementor-element elementor-element-f4b5872 elementor-mobile-align-left elementor-align-left elementor-widget elementor-widget-raven-heading\" data-jupiter-tooltip-settings=\"{&quot;tooltip&quot;:&quot;false&quot;,&quot;tooltipDescription&quot;:&quot;This is Tooltip!&quot;,&quot;tooltipPlacement&quot;:&quot;top&quot;,&quot;tooltipArrow&quot;:true,&quot;xOffset&quot;:0,&quot;yOffset&quot;:0,&quot;tooltipAnimation&quot;:&quot;fade&quot;,&quot;tooltipTrigger&quot;:&quot;mouseenter&quot;,&quot;zIndex&quot;:999,&quot;customSelector&quot;:&quot;&quot;,&quot;delay&quot;:0}\" data-id=\"f4b5872\" data-element_type=\"widget\" data-widget_type=\"raven-heading.default\">\n<div class=\"elementor-widget-container\">\n<div class=\"raven-widget-wrapper\">\n<div class=\"raven-heading raven-heading-div\"><span class=\"raven-heading-title\">Nous utilisons l\u2019adresse e-mail que vous fournissez pour vous envoyer des informations et mises \u00e0 jour relatives \u00e0 des nouvelles de l\u2019entreprise de fa\u00e7on occasionnelle, des informations sur des produits, etc. Si \u00e0 n\u2019importe quel moment vous souhaitez vous d\u00e9sinscrire et ne plus recevoir d\u2019e-mails, des instructions de d\u00e9sabonnement d\u00e9taill\u00e9es sont incluses en bas de chaque e-mail.<\/span><\/div>\n<\/div>\n<\/div>\n<\/div>\n<div class=\"jupiter-tooltip-widget elementor-element elementor-element-f3011ec elementor-mobile-align-left elementor-align-left elementor-widget elementor-widget-raven-heading\" data-jupiter-tooltip-settings=\"{&quot;tooltip&quot;:&quot;false&quot;,&quot;tooltipDescription&quot;:&quot;This is Tooltip!&quot;,&quot;tooltipPlacement&quot;:&quot;top&quot;,&quot;tooltipArrow&quot;:true,&quot;xOffset&quot;:0,&quot;yOffset&quot;:0,&quot;tooltipAnimation&quot;:&quot;fade&quot;,&quot;tooltipTrigger&quot;:&quot;mouseenter&quot;,&quot;zIndex&quot;:999,&quot;customSelector&quot;:&quot;&quot;,&quot;delay&quot;:0}\" data-id=\"f3011ec\" data-element_type=\"widget\" data-widget_type=\"raven-heading.default\">\n<div class=\"elementor-widget-container\">\n<div class=\"raven-widget-wrapper\">\n<h5 class=\"raven-heading raven-heading-h3\"><span class=\"raven-heading-title\">7. CONSENTEMENT<\/span><\/h5>\n<\/div>\n<\/div>\n<\/div>\n<div class=\"jupiter-tooltip-widget elementor-element elementor-element-ee13384 elementor-mobile-align-left elementor-align-left elementor-widget elementor-widget-raven-heading\" data-jupiter-tooltip-settings=\"{&quot;tooltip&quot;:&quot;false&quot;,&quot;tooltipDescription&quot;:&quot;This is Tooltip!&quot;,&quot;tooltipPlacement&quot;:&quot;top&quot;,&quot;tooltipArrow&quot;:true,&quot;xOffset&quot;:0,&quot;yOffset&quot;:0,&quot;tooltipAnimation&quot;:&quot;fade&quot;,&quot;tooltipTrigger&quot;:&quot;mouseenter&quot;,&quot;zIndex&quot;:999,&quot;customSelector&quot;:&quot;&quot;,&quot;delay&quot;:0}\" data-id=\"ee13384\" data-element_type=\"widget\" data-widget_type=\"raven-heading.default\">\n<div class=\"elementor-widget-container\">\n<div class=\"raven-widget-wrapper\">\n<div class=\"raven-heading raven-heading-div\"><span class=\"raven-heading-title\">En utilisant notre site, vous consentez \u00e0 notre politique de confidentialit\u00e9.<\/span><\/div>\n<\/div>\n<\/div>\n<\/div>\t\t\t\t\t<\/div>\n\t\t\t\t\t\t<\/div>\n\t\t\t\t<\/div>\n\t\t\t\t\t\t<\/div>\n\t\t\t\t\t<\/div>\n\t\t<\/div>\n\t\t\t\t\t\t\t\t<\/div>\n\t\t\t\t\t<\/div>\n\t\t<\/section>\n\t\t\t\t\t\t\t\t\t<\/div>\n\t\t\t<\/div>\n\t\t\t\t\t<\/div>\n\t\t","protected":false},"excerpt":{"rendered":"<p>1. COLLECTE DE L\u2019INFORMATION Nous recueillons des informations lorsque vous vous inscrivez sur notre site, lorsque vous vous connectez \u00e0 votre compte, faites un achat, et \/ ou lorsque vous vous d\u00e9connectez. Les informations recueillies incluent votre nom, votre adresse e-mail et\/ou num\u00e9ro de t\u00e9l\u00e9phone. En outre, nous recevons et enregistrons automatiquement des informations \u00e0 [&hellip;]<\/p>\n","protected":false},"author":1,"featured_media":0,"parent":0,"menu_order":0,"comment_status":"closed","ping_status":"open","template":"","meta":{"footnotes":""},"class_list":["post-3","page","type-page","status-publish","hentry"],"_links":{"self":[{"href":"https:\/\/wazawok-ixelles.be\/index.php?rest_route=\/wp\/v2\/pages\/3","targetHints":{"allow":["GET"]}}],"collection":[{"href":"https:\/\/wazawok-ixelles.be\/index.php?rest_route=\/wp\/v2\/pages"}],"about":[{"href":"https:\/\/wazawok-ixelles.be\/index.php?rest_route=\/wp\/v2\/types\/page"}],"author":[{"embeddable":true,"href":"https:\/\/wazawok-ixelles.be\/index.php?rest_route=\/wp\/v2\/users\/1"}],"replies":[{"embeddable":true,"href":"https:\/\/wazawok-ixelles.be\/index.php?rest_route=%2Fwp%2Fv2%2Fcomments&post=3"}],"version-history":[{"count":3,"href":"https:\/\/wazawok-ixelles.be\/index.php?rest_route=\/wp\/v2\/pages\/3\/revisions"}],"predecessor-version":[{"id":750,"href":"https:\/\/wazawok-ixelles.be\/index.php?rest_route=\/wp\/v2\/pages\/3\/revisions\/750"}],"wp:attachment":[{"href":"https:\/\/wazawok-ixelles.be\/index.php?rest_route=%2Fwp%2Fv2%2Fmedia&parent=3"}],"curies":[{"name":"wp","href":"https:\/\/api.w.org\/{rel}","templated":true}]}}